{"id":57619,"date":"2016-10-01T22:11:49","date_gmt":"2016-10-02T01:11:49","guid":{"rendered":"http:\/\/brclick.tecnologia.ws\/?page_id=57619"},"modified":"2022-04-28T01:15:32","modified_gmt":"2022-04-28T04:15:32","slug":"solucoes","status":"publish","type":"page","link":"https:\/\/www.brclick.com.br\/?page_id=57619","title":{"rendered":"O que fazemos"},"content":{"rendered":"<p>[vc_row row_type=&#8221;row&#8221; use_row_as_full_screen_section=&#8221;no&#8221; type=&#8221;grid&#8221; text_align=&#8221;left&#8221; padding_top=&#8221;100&#8243; padding_bottom=&#8221;100&#8243; css_animation=&#8221;&#8221; box_shadow_on_row=&#8221;no&#8221; oblique_section=&#8221;no&#8221; triangle_shape=&#8221;no&#8221;][vc_column width=&#8221;1\/4&#8243;][vc_single_image image=&#8221;57993&#8243; img_size=&#8221;120&#215;120&#8243; alignment=&#8221;center&#8221; qode_hover_animation=&#8221;&#8221; qode_css_animation=&#8221;element_from_left&#8221; transition_delay=&#8221;0.1&#8243;][vc_separator type=&#8221;transparent&#8221; up=&#8221;40&#8243; up_style=&#8221;px&#8221; down=&#8221;0&#8243; down_style=&#8221;px&#8221;][\/vc_column][vc_column width=&#8221;3\/4&#8243;][vc_column_text]<\/p>\n<h3 style=\"text-align: left;\">SITES E PORTAIS ON DEMAND<\/h3>\n<p>[\/vc_column_text][vc_separator type=&#8221;transparent&#8221; up=&#8221;20&#8243; up_style=&#8221;px&#8221; down=&#8221;0&#8243; down_style=&#8221;px&#8221;][vc_column_text]<\/p>\n<p style=\"text-align: left;\">Solu\u00e7\u00f5es especiais para projetos especiais, uma equipe completa a sua disposi\u00e7\u00e3o, um site ou portal bem desenvolvido comprovadamente pode lev\u00e1-lo ao seu pr\u00f3ximo cliente, venda ou parceria. \u00c9 uma combina\u00e7\u00e3o de design bem marcado, conte\u00fado significativo e desenvolvimento de f\u00e1cil utiliza\u00e7\u00e3o que cria uma vantagem competitiva. N\u00f3s n\u00e3o apenas constru\u00edmos sites, criamos experi\u00eancias on-line.<\/p>\n<p>[\/vc_column_text][\/vc_column][\/vc_row][vc_row row_type=&#8221;row&#8221; use_row_as_full_screen_section=&#8221;no&#8221; type=&#8221;grid&#8221; text_align=&#8221;left&#8221; background_color=&#8221;#f7f7f7&#8243; padding_top=&#8221;100&#8243; padding_bottom=&#8221;100&#8243; css_animation=&#8221;&#8221; box_shadow_on_row=&#8221;no&#8221; oblique_section=&#8221;no&#8221; triangle_shape=&#8221;no&#8221;][vc_column width=&#8221;2\/3&#8243;][vc_column_text]<\/p>\n<h3 style=\"text-align: right;\">FAST BRCLICK<\/h3>\n<p>[\/vc_column_text][vc_separator type=&#8221;transparent&#8221; up=&#8221;20&#8243; up_style=&#8221;px&#8221; down=&#8221;0&#8243; down_style=&#8221;px&#8221;][vc_column_text]<\/p>\n<p style=\"text-align: right;\">Solu\u00e7\u00f5es diferenciadas e r\u00e1pidas com um custo x benef\u00edcio \u00fanico no mercado, a Fast Brclick foi criada para apresentar solu\u00e7\u00f5es com custos otimizados para profissionais liberais e \u00a0pequenas, m\u00e9dias e grandes empresas que desejam utilizar sites com estruturas pr\u00e9 formatadas em conjunto com um plano de servi\u00e7os em diversas \u00e1reas com a chancela da marca Brclick.<\/p>\n<p>[\/vc_column_text][\/vc_column][vc_column width=&#8221;1\/3&#8243;][vc_single_image image=&#8221;57992&#8243; img_size=&#8221;120&#215;120&#8243; alignment=&#8221;center&#8221; qode_hover_animation=&#8221;&#8221; qode_css_animation=&#8221;element_from_right&#8221; transition_delay=&#8221;0.1&#8243;][\/vc_column][\/vc_row][vc_row row_type=&#8221;row&#8221; use_row_as_full_screen_section=&#8221;no&#8221; type=&#8221;grid&#8221; text_align=&#8221;left&#8221; padding_top=&#8221;100&#8243; padding_bottom=&#8221;100&#8243; css_animation=&#8221;&#8221; box_shadow_on_row=&#8221;no&#8221; oblique_section=&#8221;no&#8221; triangle_shape=&#8221;no&#8221;][vc_column width=&#8221;1\/4&#8243;][vc_single_image image=&#8221;57994&#8243; img_size=&#8221;120&#215;120&#8243; alignment=&#8221;center&#8221; qode_hover_animation=&#8221;&#8221; qode_css_animation=&#8221;element_from_left&#8221; transition_delay=&#8221;0.1&#8243;][vc_separator type=&#8221;transparent&#8221; up=&#8221;40&#8243; up_style=&#8221;px&#8221; down=&#8221;0&#8243; down_style=&#8221;px&#8221;][\/vc_column][vc_column width=&#8221;3\/4&#8243;][vc_column_text]<\/p>\n<h3 style=\"text-align: left;\">CONSULTORIA<\/h3>\n<p>[\/vc_column_text][vc_separator type=&#8221;transparent&#8221; up=&#8221;20&#8243; up_style=&#8221;px&#8221; down=&#8221;0&#8243; down_style=&#8221;px&#8221;][vc_column_text]<\/p>\n<p style=\"text-align: left;\">Deseja descobrir como seu projeto pode aproveitar a revolu\u00e7\u00e3o Digital? Trabalhamos em conjunto com sua equipe para criarmos sistemas personalizados que se encaixam perfeitamente a suas estrat\u00e9gias e demanda., eliminando erros, otimizando a tomadas de decis\u00e3o, \u00a0tornando sua cadeia produtiva, ou fluxo de neg\u00f3cios, ainda mais eficaz.<\/p>\n<p>[\/vc_column_text][\/vc_column][\/vc_row][vc_row row_type=&#8221;row&#8221; use_row_as_full_screen_section=&#8221;no&#8221; type=&#8221;grid&#8221; text_align=&#8221;left&#8221; background_color=&#8221;#f7f7f7&#8243; padding_top=&#8221;100&#8243; padding_bottom=&#8221;100&#8243; css_animation=&#8221;&#8221; box_shadow_on_row=&#8221;no&#8221; oblique_section=&#8221;no&#8221; triangle_shape=&#8221;no&#8221;][vc_column width=&#8221;2\/3&#8243;][vc_column_text]<\/p>\n<h3 style=\"text-align: right;\">MOBILE E APP<\/h3>\n<p>[\/vc_column_text][vc_separator type=&#8221;transparent&#8221; up=&#8221;20&#8243; up_style=&#8221;px&#8221; down=&#8221;0&#8243; down_style=&#8221;px&#8221;][vc_column_text]<\/p>\n<p style=\"text-align: right;\">Seu projeto dispon\u00edvel para todos e em todas as formas de acesso poss\u00edveis, nossa equipe pode ajud\u00e1-lo a criar um web app, um aplicativo nativo, ou um site no formato mobile, pois existem uma vasta gama de alternativas e solu\u00e7\u00f5es s\u00e3o para projetos na \u00e1rea mobile, basta trabalhar juntos para descobrir qual \u00e9 a melhor op\u00e7\u00e3o para o seu projeto.<\/p>\n<p>[\/vc_column_text][\/vc_column][vc_column width=&#8221;1\/3&#8243;][vc_single_image image=&#8221;57995&#8243; img_size=&#8221;120&#215;120&#8243; alignment=&#8221;center&#8221; qode_hover_animation=&#8221;&#8221; qode_css_animation=&#8221;element_from_right&#8221; transition_delay=&#8221;0.1&#8243;][\/vc_column][\/vc_row][vc_row row_type=&#8221;row&#8221; use_row_as_full_screen_section=&#8221;no&#8221; type=&#8221;grid&#8221; text_align=&#8221;left&#8221; background_color=&#8221;#ffffff&#8221; padding_top=&#8221;100&#8243; padding_bottom=&#8221;100&#8243; css_animation=&#8221;&#8221; box_shadow_on_row=&#8221;no&#8221; oblique_section=&#8221;no&#8221; triangle_shape=&#8221;no&#8221;][vc_column width=&#8221;1\/4&#8243; css=&#8221;.vc_custom_1475474566048{background-color: #ffffff !important;}&#8221;][vc_single_image image=&#8221;57996&#8243; img_size=&#8221;120&#215;120&#8243; alignment=&#8221;center&#8221; qode_hover_animation=&#8221;&#8221; qode_css_animation=&#8221;element_from_right&#8221; transition_delay=&#8221;0.1&#8243;][\/vc_column][vc_column width=&#8221;3\/4&#8243; css=&#8221;.vc_custom_1475474501000{background-color: #ffffff !important;}&#8221;][vc_column_text]<\/p>\n<h3 style=\"text-align: left;\">REDES SOCIAIS<\/h3>\n<p>[\/vc_column_text][vc_column_text]<\/p>\n<p style=\"text-align: left;\">Seu projeto conversa com um mundo conectado de forma eficaz? Ativamente o uso de plataformas de redes sociais como: Facebook, Twitter, LinkedIn, Google+ e Pinterest trazem uma s\u00e9rie de vantagens. Postagem de conte\u00fado que compartilhado \u00e9 uma \u00f3tima maneira de conquistar novos clientes e aumentar a sua visibilidade nos motores de busca, atingindo continuamente a atra\u00e7\u00e3o de mais clientes e criando uma espiral positiva para seus neg\u00f3cios.<\/p>\n<p>[\/vc_column_text][vc_separator type=&#8221;transparent&#8221; up=&#8221;20&#8243; up_style=&#8221;px&#8221; down=&#8221;0&#8243; down_style=&#8221;px&#8221;][\/vc_column][\/vc_row][vc_row row_type=&#8221;row&#8221; use_row_as_full_screen_section=&#8221;no&#8221; type=&#8221;grid&#8221; text_align=&#8221;left&#8221; background_color=&#8221;#f7f7f7&#8243; padding_top=&#8221;100&#8243; padding_bottom=&#8221;100&#8243; css_animation=&#8221;&#8221; box_shadow_on_row=&#8221;no&#8221; oblique_section=&#8221;no&#8221; triangle_shape=&#8221;no&#8221;][vc_column width=&#8221;2\/3&#8243;][vc_column_text]<\/p>\n<h3 style=\"text-align: right;\">MARKETING DIGITAL<\/h3>\n<p>[\/vc_column_text][vc_separator type=&#8221;transparent&#8221; up=&#8221;20&#8243; up_style=&#8221;px&#8221; down=&#8221;0&#8243; down_style=&#8221;px&#8221;][vc_column_text]<\/p>\n<p style=\"text-align: right;\">Tire todo o projeto da internet, otimize sua presen\u00e7a digital! Contamos com uma equipe com experi\u00eancia e conhecimentos s\u00f3lidos na \u00e1rea de marketing digital, por isso somos capazes de trabalhar em conjunto com a Empresa afim de desenvolver um plano de marketing digital, seja para uma campanha promocional de curto prazo, ou uma estrat\u00e9gia de longo prazo<\/p>\n<p>[\/vc_column_text][\/vc_column][vc_column width=&#8221;1\/3&#8243;][vc_single_image image=&#8221;57999&#8243; img_size=&#8221;120&#215;120&#8243; alignment=&#8221;center&#8221; qode_hover_animation=&#8221;&#8221; qode_css_animation=&#8221;element_from_right&#8221; transition_delay=&#8221;0.1&#8243;][\/vc_column][\/vc_row][vc_row row_type=&#8221;row&#8221; use_row_as_full_screen_section=&#8221;no&#8221; type=&#8221;grid&#8221; text_align=&#8221;left&#8221; background_color=&#8221;#ffffff&#8221; padding_top=&#8221;100&#8243; padding_bottom=&#8221;100&#8243; css_animation=&#8221;&#8221; box_shadow_on_row=&#8221;no&#8221; oblique_section=&#8221;no&#8221; triangle_shape=&#8221;no&#8221;][vc_column width=&#8221;1\/4&#8243; css=&#8221;.vc_custom_1475474692937{background-color: #ffffff !important;}&#8221;][vc_single_image image=&#8221;57989&#8243; img_size=&#8221;120&#215;120&#8243; alignment=&#8221;center&#8221; qode_hover_animation=&#8221;&#8221; qode_css_animation=&#8221;element_from_right&#8221; transition_delay=&#8221;0.1&#8243;][\/vc_column][vc_column width=&#8221;3\/4&#8243; css=&#8221;.vc_custom_1475474709886{background-color: #ffffff !important;}&#8221;][vc_column_text]<\/p>\n<h3 style=\"text-align: left;\">SISTEMAS ON-DEMAND<\/h3>\n<p>[\/vc_column_text][vc_separator type=&#8221;transparent&#8221; up=&#8221;20&#8243; up_style=&#8221;px&#8221; down=&#8221;0&#8243; down_style=&#8221;px&#8221;][vc_column_text]<\/p>\n<p style=\"text-align: left;\">Quer revolucionar seus processos internos? Desenvolvemos aplica\u00e7\u00f5es de TI combinando as melhores pr\u00e1ticas de mercado com a engenharia de software e ferramentas de \u00faltima gera\u00e7\u00e3o, sistemas criados por\u00a0 uma vasta equipe de programadores e consultores especializados no desenvolvimento on demand para empresas, \u00f3rg\u00e3os p\u00fablicos e estatais, organiza\u00e7\u00f5es internacionais e organiza\u00e7\u00f5es n\u00e3o-governamentais.<\/p>\n<p>[\/vc_column_text][\/vc_column][\/vc_row][vc_row row_type=&#8221;row&#8221; use_row_as_full_screen_section=&#8221;no&#8221; type=&#8221;grid&#8221; text_align=&#8221;left&#8221; background_color=&#8221;#f7f7f7&#8243; padding_top=&#8221;100&#8243; padding_bottom=&#8221;100&#8243; css_animation=&#8221;&#8221; box_shadow_on_row=&#8221;no&#8221; oblique_section=&#8221;no&#8221; triangle_shape=&#8221;no&#8221;][vc_column width=&#8221;2\/3&#8243;][vc_column_text]<\/p>\n<h3 style=\"text-align: right;\">E-COMMERCE<\/h3>\n<p>[\/vc_column_text][vc_separator type=&#8221;transparent&#8221; up=&#8221;20&#8243; up_style=&#8221;px&#8221; down=&#8221;0&#8243; down_style=&#8221;px&#8221;][vc_column_text]<\/p>\n<p style=\"text-align: right;\">Milhares de empresas j\u00e1 conquistaram o melhor canal de vendas, e a sua empresa? A transa\u00e7\u00e3o processada on-line \u00e9 apenas uma pequena parte de qualquer site de com\u00e9rcio eletr\u00f4nico. Contamos com anos de experi\u00eancia na compreens\u00e3o dos melhores m\u00e9todos para a venda on-line, todo o caminho que envolve a arte em criar um ambiente receptivo para os clientes \u201ccomprar\u201d.<\/p>\n<p>[\/vc_column_text][\/vc_column][vc_column width=&#8221;1\/3&#8243;][vc_single_image image=&#8221;58000&#8243; img_size=&#8221;120&#215;120&#8243; alignment=&#8221;center&#8221; qode_hover_animation=&#8221;&#8221; qode_css_animation=&#8221;element_from_right&#8221; transition_delay=&#8221;0.1&#8243;][\/vc_column][\/vc_row][vc_row row_type=&#8221;row&#8221; use_row_as_full_screen_section=&#8221;no&#8221; type=&#8221;grid&#8221; text_align=&#8221;left&#8221; background_color=&#8221;#ffffff&#8221; padding_top=&#8221;100&#8243; padding_bottom=&#8221;100&#8243; css_animation=&#8221;&#8221; box_shadow_on_row=&#8221;no&#8221; oblique_section=&#8221;no&#8221; triangle_shape=&#8221;no&#8221;][vc_column width=&#8221;1\/4&#8243; css=&#8221;.vc_custom_1475474836361{background-color: #ffffff !important;}&#8221;][vc_single_image image=&#8221;58001&#8243; img_size=&#8221;120&#215;120&#8243; alignment=&#8221;center&#8221; qode_hover_animation=&#8221;&#8221; qode_css_animation=&#8221;element_from_right&#8221; transition_delay=&#8221;0.1&#8243;][\/vc_column][vc_column width=&#8221;3\/4&#8243; css=&#8221;.vc_custom_1475474850266{background-color: #ffffff !important;}&#8221;][vc_column_text]<\/p>\n<h3 style=\"text-align: left;\">PARCERIA COM AG\u00caNCIAS<\/h3>\n<p>[\/vc_column_text][vc_separator type=&#8221;transparent&#8221; up=&#8221;20&#8243; up_style=&#8221;px&#8221; down=&#8221;0&#8243; down_style=&#8221;px&#8221;][vc_column_text]Quando prazos s\u00e3o curtos, o talento fica esticado, \u00e9 nessa hora que voc\u00ea ou sua ag\u00eancia\u00a0 precisa contar com um parceiro que pode receber ou definir em conjunto uma grande ideia, materializando a mesma de forma direta, eficaz e segura. Descubra a Brclick e conte com um departamento inteiramente digital dispon\u00edvel para a sua ag\u00eancia sem custos operacionais, que limitam sua competitividade, comece agora esta nova parceria ![\/vc_column_text][\/vc_column][\/vc_row]<\/p>\n","protected":false},"excerpt":{"rendered":"<p>[vc_row row_type=&#8221;row&#8221; use_row_as_full_screen_section=&#8221;no&#8221; type=&#8221;grid&#8221; text_align=&#8221;left&#8221; padding_top=&#8221;100&#8243; padding_bottom=&#8221;100&#8243; css_animation=&#8221;&#8221; box_shadow_on_row=&#8221;no&#8221; oblique_section=&#8221;no&#8221; triangle_shape=&#8221;no&#8221;][vc_column width=&#8221;1\/4&#8243;][vc_single_image image=&#8221;57993&#8243; img_size=&#8221;120&#215;120&#8243; alignment=&#8221;center&#8221; qode_hover_animation=&#8221;&#8221; qode_css_animation=&#8221;element_from_left&#8221; transition_delay=&#8221;0.1&#8243;][vc_separator type=&#8221;transparent&#8221; up=&#8221;40&#8243; up_style=&#8221;px&#8221; down=&#8221;0&#8243; down_style=&#8221;px&#8221;][\/vc_column][vc_column width=&#8221;3\/4&#8243;][vc_column_text] SITES E PORTAIS ON DEMAND [\/vc_column_text][vc_separator type=&#8221;transparent&#8221; up=&#8221;20&#8243; up_style=&#8221;px&#8221; down=&#8221;0&#8243; down_style=&#8221;px&#8221;][vc_column_text] Solu\u00e7\u00f5es especiais para projetos especiais, uma equipe completa a sua&#8230;<\/p>\n","protected":false},"author":1,"featured_media":0,"parent":0,"menu_order":0,"comment_status":"closed","ping_status":"closed","template":"","meta":{"footnotes":""},"class_list":["post-57619","page","type-page","status-publish","hentry"],"_links":{"self":[{"href":"https:\/\/www.brclick.com.br\/index.php?rest_route=\/wp\/v2\/pages\/57619","targetHints":{"allow":["GET"]}}],"collection":[{"href":"https:\/\/www.brclick.com.br\/index.php?rest_route=\/wp\/v2\/pages"}],"about":[{"href":"https:\/\/www.brclick.com.br\/index.php?rest_route=\/wp\/v2\/types\/page"}],"author":[{"embeddable":true,"href":"https:\/\/www.brclick.com.br\/index.php?rest_route=\/wp\/v2\/users\/1"}],"replies":[{"embeddable":true,"href":"https:\/\/www.brclick.com.br\/index.php?rest_route=%2Fwp%2Fv2%2Fcomments&post=57619"}],"version-history":[{"count":0,"href":"https:\/\/www.brclick.com.br\/index.php?rest_route=\/wp\/v2\/pages\/57619\/revisions"}],"wp:attachment":[{"href":"https:\/\/www.brclick.com.br\/index.php?rest_route=%2Fwp%2Fv2%2Fmedia&parent=57619"}],"curies":[{"name":"wp","href":"https:\/\/api.w.org\/{rel}","templated":true}]}}