{"id":689,"date":"2015-09-04T09:26:33","date_gmt":"2015-09-04T09:26:33","guid":{"rendered":"http:\/\/pitch.select-themes.com\/?page_id=689"},"modified":"2025-02-24T20:02:06","modified_gmt":"2025-02-24T23:02:06","slug":"a-brclick","status":"publish","type":"page","link":"https:\/\/www.brclick.com.br\/?page_id=689","title":{"rendered":"A Brclick"},"content":{"rendered":"<p>[vc_row row_type=&#8221;row&#8221; use_row_as_full_screen_section=&#8221;no&#8221; type=&#8221;full_width&#8221; text_align=&#8221;left&#8221; css_animation=&#8221;&#8221; box_shadow_on_row=&#8221;no&#8221;][vc_column][vc_column_text]<\/p>\n<h6>Nossa trajet\u00f3ria<\/h6>\n<p>[\/vc_column_text][vc_column_text]<\/p>\n<h3><b>Quase Tr\u00eas d\u00e9cadas de hist\u00f3ria na web<\/b><\/h3>\n<p>[\/vc_column_text][vc_separator type=&#8221;transparent&#8221; up=&#8221;20&#8243; up_style=&#8221;px&#8221; down=&#8221;0&#8243; down_style=&#8221;px&#8221;][vc_column_text]<span style=\"font-weight: 400;\">Nascemos em 1999, na \u00e9poca muitas empresas brasileiras se aventuraram na internet e pouqu\u00edssimas continuaram. Ao longo do caminho, projeto a projeto, lidamos com os mais diversos problemas e contextos. Para isso, juntamos muita gente boa para dar conta da complexidade e do dinamismo da web. Sabemos que cada um representa um pedacinho do que entregamos para os nossos clientes. \u00a0Nesse grande grupo de especialistas, temos programadores, designers, publicit\u00e1rios, engenheiros de software que est\u00e3o conosco h\u00e1 v\u00e1rios anos e outros que acabaram de chegar. Fazer com que essa rede cres\u00e7a e continue animada fazendo milagres para os clientes \u00e9 o nosso principal trabalho. \u00a0Entendemos que essa \u00e9 uma das explica\u00e7\u00f5es para que uma ag\u00eancia enxuta como a nossa tenha h\u00e1 anos a confian\u00e7a de grandes players.<\/span>[\/vc_column_text][vc_separator type=&#8221;transparent&#8221; up=&#8221;20&#8243; up_style=&#8221;px&#8221; down=&#8221;0&#8243; down_style=&#8221;px&#8221;][vc_separator type=&#8221;transparent&#8221; up=&#8221;20&#8243; up_style=&#8221;px&#8221; down=&#8221;0&#8243; down_style=&#8221;px&#8221;][vc_column_text]<\/p>\n<h6>Quem somos<\/h6>\n<p>[\/vc_column_text][vc_column_text]<\/p>\n<h3><b>Um escrit\u00f3rio de desenvolvimento ou uma ag\u00eancia digital?<\/b><\/h3>\n<p>[\/vc_column_text][vc_separator type=&#8221;transparent&#8221; up=&#8221;20&#8243; up_style=&#8221;px&#8221; down=&#8221;0&#8243; down_style=&#8221;px&#8221;][vc_column_text]<\/p>\n<p><span style=\"font-weight: 400;\">Os dois! Pois acreditamos que a web evolui constantemente, mas n\u00e3o vive apenas de tend\u00eancias ou grandes inova\u00e7\u00f5es, sim isso \u00e9 importante, por\u00e9m existe um mundo real onde resultados tang\u00edveis tamb\u00e9m s\u00e3o importantes, por isso buscamos sempre projetos diferenciados que agregam valores intang\u00edveis como a criatividade a valores tang\u00edveis como os resultados financeiros.<\/span><\/p>\n<p>&nbsp;<\/p>\n<p>Para isso conseguimos unir o melhor de dois mundos, aliamos a comunica\u00e7\u00e3o ao desenvolvimento de plataformas tecnol\u00f3gicas. Trabalhamos de maneira personalizada aplicando uma metodologia pr\u00f3pria para entregar resultados com um incompar\u00e1vel custo-benef\u00edcio.<\/p>\n<p>[\/vc_column_text][vc_separator type=&#8221;transparent&#8221; up=&#8221;20&#8243; up_style=&#8221;px&#8221; down=&#8221;0&#8243; down_style=&#8221;px&#8221;][vc_separator type=&#8221;transparent&#8221; up=&#8221;20&#8243; up_style=&#8221;px&#8221; down=&#8221;0&#8243; down_style=&#8221;px&#8221;][vc_column_text]<\/p>\n<h6>Como trabalhamos<\/h6>\n<p>[\/vc_column_text][vc_column_text]<\/p>\n<h3><b>Antes de vendermos a solu\u00e7\u00e3o, entendemos o problema.<\/b><\/h3>\n<p>[\/vc_column_text][vc_column_text]<span style=\"font-weight: 400;\">Cada cliente \u00e9 um cliente, os contextos s\u00e3o diferentes e a estrat\u00e9gia que funciona hoje pode deixar de funcionar amanh\u00e3. Por isso n\u00e3o abrimos m\u00e3o de perguntar, entender, investigar e pesquisar. Ser\u00e1 que o problema apontado \u00e9 realmente um problema? Em todos os trabalhos que desenvolvemos iniciamos com um m\u00f3dulo de consultoria. A consultoria nada mais \u00e9 do que a investiga\u00e7\u00e3o profunda do dito problema e do contexto que ele est\u00e1 inserido. Ap\u00f3s esse entendimento conseguimos clareza na busca de solu\u00e7\u00f5es e ent\u00e3o partimos para o desenvolvimento.<\/span>[\/vc_column_text][\/vc_column][\/vc_row][vc_row row_type=&#8221;row&#8221; use_row_as_full_screen_section=&#8221;no&#8221; type=&#8221;grid&#8221; text_align=&#8221;left&#8221; padding_top=&#8221;119&#8243; padding_bottom=&#8221;6&#8243; css_animation=&#8221;&#8221; box_shadow_on_row=&#8221;no&#8221; oblique_section=&#8221;no&#8221; triangle_shape=&#8221;no&#8221;][vc_column offset=&#8221;vc_col-md-4 vc_col-xs-12&#8243;]<div class='q_icon_with_title  circle' ><div class=\"icon_holder  \" style=\"margin: -10px 0 0 0; \"><div class=\"icon_holder_inner\"><span class=\"qode_icon_stack qode_tiny_icon  custom-font\" style=\"font-size: 20px;width: 47px;height: 47px;line-height: 47px;\"><i class=\"qode_icon_simple_line_icon icon-magic-wand icon_text_icon qode_icon_stack_1x\" style=\"font-size: 20px;\" ><\/i><\/span><\/div><\/div><div class=\"icon_text_holder\" style=\"padding-left: 70px;\"><div class=\"icon_title_inner_holder\"><h5 class=\"icon_title \" style=\"margin-bottom: 17px;\">Sites e Portais On Demand<\/h5><\/div><div class=\"icon_text_inner\"><p style=''>Solu\u00e7\u00f5es especiais para projetos especiais, uma equipe completa a sua disposi\u00e7\u00e3o.<\/p><\/div><\/div><\/div>[vc_separator type=&#8221;transparent&#8221; up=&#8221;40&#8243; up_style=&#8221;px&#8221; down=&#8221;0&#8243; down_style=&#8221;px&#8221;][\/vc_column][vc_column offset=&#8221;vc_col-md-4 vc_col-xs-12&#8243;]<div class='q_icon_with_title  circle' ><div class=\"icon_holder  \" style=\"margin: -10px 0 0 0; \"><div class=\"icon_holder_inner\"><span class=\"qode_icon_stack qode_tiny_icon  custom-font\" style=\"font-size: 20px;width: 47px;height: 47px;line-height: 47px;\"><i class=\"qode_icon_simple_line_icon icon-energy icon_text_icon qode_icon_stack_1x\" style=\"font-size: 20px;\" ><\/i><\/span><\/div><\/div><div class=\"icon_text_holder\" style=\"padding-left: 70px;\"><div class=\"icon_title_inner_holder\"><h5 class=\"icon_title \" style=\"margin-bottom: 17px;\">Fast Brclick<\/h5><\/div><div class=\"icon_text_inner\"><p style=''>Solu\u00e7\u00f5es diferenciadas e r\u00e1pidas com um custo x benef\u00edcio \u00fanico no mercado.<\/p><\/div><\/div><\/div>[vc_separator type=&#8221;transparent&#8221; up=&#8221;40&#8243; up_style=&#8221;px&#8221; down=&#8221;0&#8243; down_style=&#8221;px&#8221;][\/vc_column][vc_column offset=&#8221;vc_col-md-4 vc_col-xs-12&#8243;]<div class='q_icon_with_title  circle' ><div class=\"icon_holder  \" style=\"margin: -10px 0 0 0; \"><div class=\"icon_holder_inner\"><span class=\"qode_icon_stack qode_tiny_icon  custom-font\" style=\"font-size: 20px;width: 47px;height: 47px;line-height: 47px;\"><i class=\"qode_icon_simple_line_icon icon-users icon_text_icon qode_icon_stack_1x\" style=\"font-size: 20px;\" ><\/i><\/span><\/div><\/div><div class=\"icon_text_holder\" style=\"padding-left: 70px;\"><div class=\"icon_title_inner_holder\"><h5 class=\"icon_title \" style=\"margin-bottom: 17px;\">Consultoria<\/h5><\/div><div class=\"icon_text_inner\"><p style=''>Deseja descobrir como seu projeto pode aproveitar a revolu\u00e7\u00e3o Digital ? Clique aqui.<\/p><\/div><\/div><\/div>[vc_separator type=&#8221;transparent&#8221; up=&#8221;40&#8243; up_style=&#8221;px&#8221; down=&#8221;0&#8243; down_style=&#8221;px&#8221;][\/vc_column][\/vc_row][vc_row row_type=&#8221;row&#8221; use_row_as_full_screen_section=&#8221;no&#8221; type=&#8221;grid&#8221; text_align=&#8221;left&#8221; padding_top=&#8221;0&#8243; padding_bottom=&#8221;35&#8243; css_animation=&#8221;&#8221; box_shadow_on_row=&#8221;no&#8221; oblique_section=&#8221;no&#8221; triangle_shape=&#8221;no&#8221;][vc_column offset=&#8221;vc_col-md-4 vc_col-xs-12&#8243;]<div class='q_icon_with_title  circle' ><div class=\"icon_holder  \" style=\"margin: -10px 0 0 0; \"><div class=\"icon_holder_inner\"><span class=\"qode_icon_stack qode_tiny_icon  custom-font\" style=\"font-size: 20px;width: 47px;height: 47px;line-height: 47px;\"><i class=\"qode_icon_simple_line_icon icon-screen-smartphone icon_text_icon qode_icon_stack_1x\" style=\"font-size: 20px;\" ><\/i><\/span><\/div><\/div><div class=\"icon_text_holder\" style=\"padding-left: 70px;\"><div class=\"icon_title_inner_holder\"><h5 class=\"icon_title \" style=\"margin-bottom: 17px;\">Mobile e App<\/h5><\/div><div class=\"icon_text_inner\"><p style=''>Seu projeto dispon\u00edvel para todos e em todas as formas de acesso poss\u00edveis.<\/p><\/div><\/div><\/div>[vc_separator type=&#8221;transparent&#8221; up=&#8221;47&#8243; up_style=&#8221;px&#8221; down=&#8221;0&#8243; down_style=&#8221;px&#8221;][\/vc_column][vc_column offset=&#8221;vc_col-md-4 vc_col-xs-12&#8243;]<div class='q_icon_with_title  circle' ><div class=\"icon_holder  \" style=\"margin: -10px 0 0 0; \"><div class=\"icon_holder_inner\"><span class=\"qode_icon_stack qode_tiny_icon  custom-font\" style=\"font-size: 20px;width: 47px;height: 47px;line-height: 47px;\"><i class=\"qode_icon_simple_line_icon icon-globe icon_text_icon qode_icon_stack_1x\" style=\"font-size: 20px;\" ><\/i><\/span><\/div><\/div><div class=\"icon_text_holder\" style=\"padding-left: 70px;\"><div class=\"icon_title_inner_holder\"><h5 class=\"icon_title \" style=\"margin-bottom: 17px;\">Redes Sociais<\/h5><\/div><div class=\"icon_text_inner\"><p style=''>Seu projeto conversa com um mundo conectado de forma eficaz?<\/p><\/div><\/div><\/div>[vc_separator type=&#8221;transparent&#8221; up=&#8221;47&#8243; up_style=&#8221;px&#8221; down=&#8221;0&#8243; down_style=&#8221;px&#8221;][\/vc_column][vc_column offset=&#8221;vc_col-md-4 vc_col-xs-12&#8243;]<div class='q_icon_with_title  circle' ><div class=\"icon_holder  \" style=\"margin: -10px 0 0 0; \"><div class=\"icon_holder_inner\"><span class=\"qode_icon_stack qode_tiny_icon  custom-font\" style=\"font-size: 20px;width: 47px;height: 47px;line-height: 47px;\"><i class=\"qode_icon_simple_line_icon icon-star icon_text_icon qode_icon_stack_1x\" style=\"font-size: 20px;\" ><\/i><\/span><\/div><\/div><div class=\"icon_text_holder\" style=\"padding-left: 70px;\"><div class=\"icon_title_inner_holder\"><h5 class=\"icon_title \" style=\"margin-bottom: 17px;\">Marketing Digital<\/h5><\/div><div class=\"icon_text_inner\"><p style=''>Tire todo o proveito da internet, otimize sua presen\u00e7a digital!<\/p><\/div><\/div><\/div>[vc_separator type=&#8221;transparent&#8221; up=&#8221;47&#8243; up_style=&#8221;px&#8221; down=&#8221;0&#8243; down_style=&#8221;px&#8221;][\/vc_column][\/vc_row][vc_row row_type=&#8221;row&#8221; use_row_as_full_screen_section=&#8221;no&#8221; type=&#8221;full_width&#8221; text_align=&#8221;left&#8221; css_animation=&#8221;&#8221; box_shadow_on_row=&#8221;no&#8221;][vc_column][vc_column_text] [\/vc_column_text][\/vc_column][\/vc_row][vc_row row_type=&#8221;row&#8221; use_row_as_full_screen_section=&#8221;no&#8221; type=&#8221;full_width&#8221; text_align=&#8221;left&#8221; css_animation=&#8221;&#8221; box_shadow_on_row=&#8221;no&#8221;][vc_column][vc_column_text]<\/p>\n<p>[\/vc_column_text][\/vc_column][\/vc_row][vc_row row_type=&#8221;row&#8221; use_row_as_full_screen_section=&#8221;no&#8221; type=&#8221;grid&#8221; text_align=&#8221;left&#8221; padding_top=&#8221;0&#8243; padding_bottom=&#8221;35&#8243; css_animation=&#8221;&#8221; box_shadow_on_row=&#8221;no&#8221; oblique_section=&#8221;no&#8221; triangle_shape=&#8221;no&#8221;][vc_column offset=&#8221;vc_col-md-4 vc_col-xs-12&#8243;]<div class='q_icon_with_title  circle' ><div class=\"icon_holder  \" style=\"margin: -10px 0 0 0; \"><div class=\"icon_holder_inner\"><span class=\"qode_icon_stack qode_tiny_icon  custom-font\" style=\"font-size: 20px;width: 47px;height: 47px;line-height: 47px;\"><i class=\"qode_icon_simple_line_icon icon-settings icon_text_icon qode_icon_stack_1x\" style=\"font-size: 20px;\" ><\/i><\/span><\/div><\/div><div class=\"icon_text_holder\" style=\"padding-left: 70px;\"><div class=\"icon_title_inner_holder\"><h5 class=\"icon_title \" style=\"margin-bottom: 17px;\">Sistemas On-Demand<\/h5><\/div><div class=\"icon_text_inner\"><p style=''>Quer revolucionar seus processo internos? Clique aqui e comece esta revolu\u00e7\u00e3o!<\/p><\/div><\/div><\/div>[vc_separator type=&#8221;transparent&#8221; up=&#8221;47&#8243; up_style=&#8221;px&#8221; down=&#8221;0&#8243; down_style=&#8221;px&#8221;][\/vc_column][vc_column offset=&#8221;vc_col-md-4 vc_col-xs-12&#8243;]<div class='q_icon_with_title  circle' ><div class=\"icon_holder  \" style=\"margin: -10px 0 0 0; \"><div class=\"icon_holder_inner\"><span class=\"qode_icon_stack qode_tiny_icon  custom-font\" style=\"font-size: 20px;width: 47px;height: 47px;line-height: 47px;\"><i class=\"qode_icon_simple_line_icon icon-basket icon_text_icon qode_icon_stack_1x\" style=\"font-size: 20px;\" ><\/i><\/span><\/div><\/div><div class=\"icon_text_holder\" style=\"padding-left: 70px;\"><div class=\"icon_title_inner_holder\"><h5 class=\"icon_title \" style=\"margin-bottom: 17px;\">E-commerce<\/h5><\/div><div class=\"icon_text_inner\"><p style=''>Milhares de empresa j\u00e1 conquistaram o melhor canal de vendas, e a sua empresa?<\/p><\/div><\/div><\/div>[vc_separator type=&#8221;transparent&#8221; up=&#8221;47&#8243; up_style=&#8221;px&#8221; down=&#8221;0&#8243; down_style=&#8221;px&#8221;][\/vc_column][vc_column offset=&#8221;vc_col-md-4 vc_col-xs-12&#8243;]<div class='q_icon_with_title  circle' ><div class=\"icon_holder  \" style=\"margin: -10px 0 0 0; \"><div class=\"icon_holder_inner\"><span class=\"qode_icon_stack qode_tiny_icon  custom-font\" style=\"font-size: 20px;width: 47px;height: 47px;line-height: 47px;\"><i class=\"qode_icon_simple_line_icon icon-fire icon_text_icon qode_icon_stack_1x\" style=\"font-size: 20px;\" ><\/i><\/span><\/div><\/div><div class=\"icon_text_holder\" style=\"padding-left: 70px;\"><div class=\"icon_title_inner_holder\"><h5 class=\"icon_title \" style=\"margin-bottom: 17px;\">Parceria com Ag\u00eancias<\/h5><\/div><div class=\"icon_text_inner\"><p style=''>Contamos com uma \u00f3tima not\u00edcia para sua ag\u00eancia e clientes, descubra agora!<\/p><\/div><\/div><\/div>[vc_separator type=&#8221;transparent&#8221; up=&#8221;47&#8243; up_style=&#8221;px&#8221; down=&#8221;0&#8243; down_style=&#8221;px&#8221;][\/vc_column][\/vc_row]<\/p>\n","protected":false},"excerpt":{"rendered":"<p>[vc_row row_type=&#8221;row&#8221; use_row_as_full_screen_section=&#8221;no&#8221; type=&#8221;full_width&#8221; text_align=&#8221;left&#8221; css_animation=&#8221;&#8221; box_shadow_on_row=&#8221;no&#8221;][vc_column][vc_column_text] Nossa trajet\u00f3ria [\/vc_column_text][vc_column_text] Quase Tr\u00eas d\u00e9cadas de hist\u00f3ria na web [\/vc_column_text][vc_separator type=&#8221;transparent&#8221; up=&#8221;20&#8243; up_style=&#8221;px&#8221; down=&#8221;0&#8243; down_style=&#8221;px&#8221;][vc_column_text]Nascemos em 1999, na \u00e9poca muitas empresas brasileiras se aventuraram na internet e pouqu\u00edssimas continuaram. Ao longo do caminho, projeto a projeto, lidamos&#8230;<\/p>\n","protected":false},"author":1,"featured_media":0,"parent":0,"menu_order":0,"comment_status":"closed","ping_status":"closed","template":"","meta":{"footnotes":""},"class_list":["post-689","page","type-page","status-publish","hentry"],"_links":{"self":[{"href":"https:\/\/www.brclick.com.br\/index.php?rest_route=\/wp\/v2\/pages\/689","targetHints":{"allow":["GET"]}}],"collection":[{"href":"https:\/\/www.brclick.com.br\/index.php?rest_route=\/wp\/v2\/pages"}],"about":[{"href":"https:\/\/www.brclick.com.br\/index.php?rest_route=\/wp\/v2\/types\/page"}],"author":[{"embeddable":true,"href":"https:\/\/www.brclick.com.br\/index.php?rest_route=\/wp\/v2\/users\/1"}],"replies":[{"embeddable":true,"href":"https:\/\/www.brclick.com.br\/index.php?rest_route=%2Fwp%2Fv2%2Fcomments&post=689"}],"version-history":[{"count":1,"href":"https:\/\/www.brclick.com.br\/index.php?rest_route=\/wp\/v2\/pages\/689\/revisions"}],"predecessor-version":[{"id":59458,"href":"https:\/\/www.brclick.com.br\/index.php?rest_route=\/wp\/v2\/pages\/689\/revisions\/59458"}],"wp:attachment":[{"href":"https:\/\/www.brclick.com.br\/index.php?rest_route=%2Fwp%2Fv2%2Fmedia&parent=689"}],"curies":[{"name":"wp","href":"https:\/\/api.w.org\/{rel}","templated":true}]}}